{"id":36,"date":"2023-10-16T21:22:03","date_gmt":"2023-10-16T21:22:03","guid":{"rendered":"https:\/\/www.esm.pt\/?page_id=36"},"modified":"2024-03-16T18:04:45","modified_gmt":"2024-03-16T18:04:45","slug":"sobre","status":"publish","type":"page","link":"https:\/\/www.esm.pt\/en\/sobre\/","title":{"rendered":"About"},"content":{"rendered":"<div data-elementor-type=\"wp-page\" data-elementor-id=\"36\" class=\"elementor elementor-36\">\n\t\t\t\t<div class=\"elementor-element elementor-element-f9f2600 c-box e-flex e-con-boxed e-con e-parent\" data-id=\"f9f2600\" data-element_type=\"container\" data-e-type=\"container\" data-settings=\"{&quot;background_background&quot;:&quot;classic&quot;}\">\n\t\t\t\t\t<div class=\"e-con-inner\">\n\t\t<div class=\"elementor-element elementor-element-065b2e8 e-con-full e-flex e-con e-child\" data-id=\"065b2e8\" data-element_type=\"container\" data-e-type=\"container\">\n\t\t\t\t<div class=\"elementor-element elementor-element-d6d26a5 elementor-widget elementor-widget-heading\" data-id=\"d6d26a5\" data-element_type=\"widget\" data-e-type=\"widget\" data-widget_type=\"heading.default\">\n\t\t\t\t<div class=\"elementor-widget-container\">\n\t\t\t\t\t<h1 class=\"elementor-heading-title elementor-size-default\">COMPANY<\/h1>\t\t\t\t<\/div>\n\t\t\t\t<\/div>\n\t\t\t\t<div class=\"elementor-element elementor-element-b6c956c elementor-widget elementor-widget-text-editor\" data-id=\"b6c956c\" data-element_type=\"widget\" data-e-type=\"widget\" data-widget_type=\"text-editor.default\">\n\t\t\t\t<div class=\"elementor-widget-container\">\n\t\t\t\t\t\t\t\t\tESM is a textile company based in Northern Portugal, where the heart of the Portuguese textile industry is located.<p>\n\n<p>Desde 1986, somos uma empresa altamente especializada no desenvolvimento e produ\u00e7\u00e3o de roupa para marcas de moda. Contamos com recursos t\u00e9cnicos e humanos com d\u00e9cadas de experi\u00eancia no setor t\u00eaxtil, contribuindo decisivamente para a oferta de produtos de alta qualidade.<p>With a highly flexible internal structure, we can adapt to the needs of our clients, enabling us to produce and deliver orders in a timely manner.\n\nOur daily commitment to quality allows us to establish a lasting and trustworthy relationship with leading brands in the industry, both nationally and internationally.\t\t\t\t\t\t\t\t<\/div>\n\t\t\t\t<\/div>\n\t\t\t\t<\/div>\n\t\t<div class=\"elementor-element elementor-element-2944689 e-con-full e-flex e-con e-child\" data-id=\"2944689\" data-element_type=\"container\" data-e-type=\"container\" data-settings=\"{&quot;background_background&quot;:&quot;classic&quot;}\">\n\t\t\t\t<div class=\"elementor-element elementor-element-a2c0c67 elementor-widget elementor-widget-spacer\" data-id=\"a2c0c67\" data-element_type=\"widget\" data-e-type=\"widget\" data-widget_type=\"spacer.default\">\n\t\t\t\t<div class=\"elementor-widget-container\">\n\t\t\t\t\t\t\t<div class=\"elementor-spacer\">\n\t\t\t<div class=\"elementor-spacer-inner\"><\/div>\n\t\t<\/div>\n\t\t\t\t\t\t<\/div>\n\t\t\t\t<\/div>\n\t\t\t\t<\/div>\n\t\t\t\t\t<\/div>\n\t\t\t\t<\/div>\n\t\t<div class=\"elementor-element elementor-element-7aa39b4 c-box e-flex e-con-boxed e-con e-parent\" data-id=\"7aa39b4\" data-element_type=\"container\" data-e-type=\"container\" data-settings=\"{&quot;background_background&quot;:&quot;classic&quot;}\">\n\t\t\t\t\t<div class=\"e-con-inner\">\n\t\t<div class=\"elementor-element elementor-element-20221e8 e-con-full e-flex e-con e-child\" data-id=\"20221e8\" data-element_type=\"container\" data-e-type=\"container\">\n\t\t\t\t<div class=\"elementor-element elementor-element-82e239b elementor-widget elementor-widget-heading\" data-id=\"82e239b\" data-element_type=\"widget\" data-e-type=\"widget\" data-widget_type=\"heading.default\">\n\t\t\t\t<div class=\"elementor-widget-container\">\n\t\t\t\t\t<h2 class=\"elementor-heading-title elementor-size-default\">The Founders<\/h2>\t\t\t\t<\/div>\n\t\t\t\t<\/div>\n\t\t\t\t<div class=\"elementor-element elementor-element-87bcc64 elementor-widget elementor-widget-text-editor\" data-id=\"87bcc64\" data-element_type=\"widget\" data-e-type=\"widget\" data-widget_type=\"text-editor.default\">\n\t\t\t\t<div class=\"elementor-widget-container\">\n\t\t\t\t\t\t\t\t\t<p>In 1986, Em\u00edlia Rosa Teixeira dos Santos and Jos\u00e9 de Sousa Marques founded the company. Later, in 1992, their son Hermenegildo Romeu Santos Marques joined the company, contributing to its growth and helping it become what it is today\u2014a steadily expanding enterprise.<\/p>\t\t\t\t\t\t\t\t<\/div>\n\t\t\t\t<\/div>\n\t\t\t\t<\/div>\n\t\t<div class=\"elementor-element elementor-element-cb8cd99 e-con-full e-flex e-con e-child\" data-id=\"cb8cd99\" data-element_type=\"container\" data-e-type=\"container\" data-settings=\"{&quot;background_background&quot;:&quot;classic&quot;}\">\n\t\t\t\t<div class=\"elementor-element elementor-element-4c08265 elementor-widget elementor-widget-image\" data-id=\"4c08265\" data-element_type=\"widget\" data-e-type=\"widget\" data-widget_type=\"image.default\">\n\t\t\t\t<div class=\"elementor-widget-container\">\n\t\t\t\t\t\t\t\t\t\t\t\t\t\t\t<img fetchpriority=\"high\" decoding=\"async\" width=\"577\" height=\"433\" src=\"https:\/\/www.esm.pt\/wp-content\/uploads\/2023\/10\/SR_MARQUES_E_DONA_EMILIA_-removebg-preview.png\" class=\"attachment-large size-large wp-image-60\" alt=\"\" srcset=\"https:\/\/www.esm.pt\/wp-content\/uploads\/2023\/10\/SR_MARQUES_E_DONA_EMILIA_-removebg-preview.png 577w, https:\/\/www.esm.pt\/wp-content\/uploads\/2023\/10\/SR_MARQUES_E_DONA_EMILIA_-removebg-preview-300x225.png 300w\" sizes=\"(max-width: 577px) 100vw, 577px\" \/>\t\t\t\t\t\t\t\t\t\t\t\t\t\t\t<\/div>\n\t\t\t\t<\/div>\n\t\t\t\t<\/div>\n\t\t\t\t\t<\/div>\n\t\t\t\t<\/div>\n\t\t<div class=\"elementor-element elementor-element-9d7cdac c-box e-flex e-con-boxed e-con e-parent\" data-id=\"9d7cdac\" data-element_type=\"container\" data-e-type=\"container\" data-settings=\"{&quot;background_background&quot;:&quot;classic&quot;}\">\n\t\t\t\t\t<div class=\"e-con-inner\">\n\t\t<div class=\"elementor-element elementor-element-611fd26 e-con-full e-flex e-con e-child\" data-id=\"611fd26\" data-element_type=\"container\" data-e-type=\"container\">\n\t\t\t\t<div class=\"elementor-element elementor-element-c84cfc6 elementor-widget elementor-widget-heading\" data-id=\"c84cfc6\" data-element_type=\"widget\" data-e-type=\"widget\" data-widget_type=\"heading.default\">\n\t\t\t\t<div class=\"elementor-widget-container\">\n\t\t\t\t\t<h2 class=\"elementor-heading-title elementor-size-default\">EXPERIENCE<\/h2>\t\t\t\t<\/div>\n\t\t\t\t<\/div>\n\t\t\t\t<div class=\"elementor-element elementor-element-ea069a8 elementor-widget elementor-widget-text-editor\" data-id=\"ea069a8\" data-element_type=\"widget\" data-e-type=\"widget\" data-widget_type=\"text-editor.default\">\n\t\t\t\t<div class=\"elementor-widget-container\">\n\t\t\t\t\t\t\t\t\t<p>Our priority will always be the satisfaction of our customers, and for that reason, we work daily to ensure the quality of our products and services. <p>\n\nWe believe it is through this commitment that we can maintain the trust and loyalty of our customers.\n\n<p>We pay attention to details and adhere to environmental and social standards, ensuring responsibility and respect for all parties involved in our production chain.<p>\n\nIn summary, the combination of technical and human resources, along with our commitment to quality and responsibility, are the pillars that allow us to offer high-quality and innovative textile products to our customers.\n\n\t\t\t\t\t\t\t\t<\/div>\n\t\t\t\t<\/div>\n\t\t\t\t<\/div>\n\t\t<div class=\"elementor-element elementor-element-2294320 e-con-full e-flex e-con e-child\" data-id=\"2294320\" data-element_type=\"container\" data-e-type=\"container\" data-settings=\"{&quot;shape_divider_top&quot;:&quot;split&quot;,&quot;shape_divider_bottom&quot;:&quot;split&quot;}\">\n\t\t\t\t<div class=\"elementor-shape elementor-shape-top\" aria-hidden=\"true\" data-negative=\"false\">\n\t\t\t<svg xmlns=\"http:\/\/www.w3.org\/2000\/svg\" viewbox=\"0 0 1000 20\" preserveaspectratio=\"none\">\n\t<path class=\"elementor-shape-fill\" d=\"M0,0v3c0,0,393.8,0,483.4,0c9.2,0,16.6,7.4,16.6,16.6c0-9.1,7.4-16.6,16.6-16.6C606.2,3,1000,3,1000,3V0H0z\"\/>\n<\/svg>\t\t<\/div>\n\t\t\t\t<div class=\"elementor-shape elementor-shape-bottom\" aria-hidden=\"true\" data-negative=\"false\">\n\t\t\t<svg xmlns=\"http:\/\/www.w3.org\/2000\/svg\" viewbox=\"0 0 1000 20\" preserveaspectratio=\"none\">\n\t<path class=\"elementor-shape-fill\" d=\"M0,0v3c0,0,393.8,0,483.4,0c9.2,0,16.6,7.4,16.6,16.6c0-9.1,7.4-16.6,16.6-16.6C606.2,3,1000,3,1000,3V0H0z\"\/>\n<\/svg>\t\t<\/div>\n\t\t<div class=\"elementor-element elementor-element-b156327 e-flex e-con-boxed e-con e-child\" data-id=\"b156327\" data-element_type=\"container\" data-e-type=\"container\">\n\t\t\t\t\t<div class=\"e-con-inner\">\n\t\t\t\t<div class=\"elementor-element elementor-element-bee00aa elementor-widget elementor-widget-image\" data-id=\"bee00aa\" data-element_type=\"widget\" data-e-type=\"widget\" data-widget_type=\"image.default\">\n\t\t\t\t<div class=\"elementor-widget-container\">\n\t\t\t\t\t\t\t\t\t\t\t\t\t\t\t<img decoding=\"async\" width=\"1703\" height=\"2560\" src=\"https:\/\/www.esm.pt\/wp-content\/uploads\/2023\/10\/woman-making-jacket-scaled-1.webp\" class=\"attachment-full size-full wp-image-18\" alt=\"\" srcset=\"https:\/\/www.esm.pt\/wp-content\/uploads\/2023\/10\/woman-making-jacket-scaled-1.webp 1703w, https:\/\/www.esm.pt\/wp-content\/uploads\/2023\/10\/woman-making-jacket-scaled-1-200x300.webp 200w, https:\/\/www.esm.pt\/wp-content\/uploads\/2023\/10\/woman-making-jacket-scaled-1-681x1024.webp 681w, https:\/\/www.esm.pt\/wp-content\/uploads\/2023\/10\/woman-making-jacket-scaled-1-768x1154.webp 768w, https:\/\/www.esm.pt\/wp-content\/uploads\/2023\/10\/woman-making-jacket-scaled-1-1022x1536.webp 1022w, https:\/\/www.esm.pt\/wp-content\/uploads\/2023\/10\/woman-making-jacket-scaled-1-1362x2048.webp 1362w\" sizes=\"(max-width: 1703px) 100vw, 1703px\" \/>\t\t\t\t\t\t\t\t\t\t\t\t\t\t\t<\/div>\n\t\t\t\t<\/div>\n\t\t\t\t\t<\/div>\n\t\t\t\t<\/div>\n\t\t\t\t<\/div>\n\t\t\t\t\t<\/div>\n\t\t\t\t<\/div>\n\t\t\t\t<\/div>","protected":false},"excerpt":{"rendered":"<p>EMPRESA A ESM \u00e9 uma empresa t\u00eaxtil com sede no Norte de Portugal, onde est\u00e1 situado o cora\u00e7\u00e3o da ind\u00fastria t\u00eaxtil portuguesa. Desde 1986, somos uma empresa altamente especializada no desenvolvimento e produ\u00e7\u00e3o de roupa para marcas de moda. Contamos com recursos t\u00e9cnicos e humanos com d\u00e9cadas de experi\u00eancia no setor t\u00eaxtil, contribuindo decisivamente para [&hellip;]<\/p>\n","protected":false},"author":1,"featured_media":0,"parent":0,"menu_order":0,"comment_status":"closed","ping_status":"closed","template":"elementor_header_footer","meta":{"footnotes":""},"class_list":["post-36","page","type-page","status-publish","hentry"],"yoast_head":"<!-- This site is optimized with the Yoast SEO plugin v27.4 - https:\/\/yoast.com\/product\/yoast-seo-wordpress\/ -->\n<title>Sobre - ESM<\/title>\n<meta name=\"description\" content=\"A ESM \u00e9 uma empresa familiar que se dedica \u00e0 fabrica\u00e7\u00e3o de roupas de alta qualidade desde 1986. Uma vis\u00e3o de excel\u00eancia.\" \/>\n<meta name=\"robots\" content=\"index, follow, max-snippet:-1, max-image-preview:large, max-video-preview:-1\" \/>\n<link rel=\"canonical\" href=\"https:\/\/www.esm.pt\/en\/sobre\/\" \/>\n<meta property=\"og:locale\" content=\"en_GB\" \/>\n<meta property=\"og:type\" content=\"article\" \/>\n<meta property=\"og:title\" content=\"Sobre - ESM\" \/>\n<meta property=\"og:description\" content=\"A ESM \u00e9 uma empresa familiar que se dedica \u00e0 fabrica\u00e7\u00e3o de roupas de alta qualidade desde 1986. Uma vis\u00e3o de excel\u00eancia.\" \/>\n<meta property=\"og:url\" content=\"https:\/\/www.esm.pt\/en\/sobre\/\" \/>\n<meta property=\"og:site_name\" content=\"ESM\" \/>\n<meta property=\"article:modified_time\" content=\"2024-03-16T18:04:45+00:00\" \/>\n<meta property=\"og:image\" content=\"https:\/\/www.esm.pt\/wp-content\/uploads\/2023\/10\/SR_MARQUES_E_DONA_EMILIA_-removebg-preview.png\" \/>\n<meta name=\"twitter:card\" content=\"summary_large_image\" \/>\n<meta name=\"twitter:label1\" content=\"Estimated reading time\" \/>\n\t<meta name=\"twitter:data1\" content=\"2 minutes\" \/>\n<script type=\"application\/ld+json\" class=\"yoast-schema-graph\">{\"@context\":\"https:\\\/\\\/schema.org\",\"@graph\":[{\"@type\":\"WebPage\",\"@id\":\"https:\\\/\\\/www.esm.pt\\\/en\\\/sobre\\\/\",\"url\":\"https:\\\/\\\/www.esm.pt\\\/en\\\/sobre\\\/\",\"name\":\"Sobre - ESM\",\"isPartOf\":{\"@id\":\"https:\\\/\\\/www.esm.pt\\\/#website\"},\"primaryImageOfPage\":{\"@id\":\"https:\\\/\\\/www.esm.pt\\\/en\\\/sobre\\\/#primaryimage\"},\"image\":{\"@id\":\"https:\\\/\\\/www.esm.pt\\\/en\\\/sobre\\\/#primaryimage\"},\"thumbnailUrl\":\"https:\\\/\\\/www.esm.pt\\\/wp-content\\\/uploads\\\/2023\\\/10\\\/SR_MARQUES_E_DONA_EMILIA_-removebg-preview.png\",\"datePublished\":\"2023-10-16T21:22:03+00:00\",\"dateModified\":\"2024-03-16T18:04:45+00:00\",\"description\":\"A ESM \u00e9 uma empresa familiar que se dedica \u00e0 fabrica\u00e7\u00e3o de roupas de alta qualidade desde 1986. Uma vis\u00e3o de excel\u00eancia.\",\"breadcrumb\":{\"@id\":\"https:\\\/\\\/www.esm.pt\\\/en\\\/sobre\\\/#breadcrumb\"},\"inLanguage\":\"en-GB\",\"potentialAction\":[{\"@type\":\"ReadAction\",\"target\":[\"https:\\\/\\\/www.esm.pt\\\/en\\\/sobre\\\/\"]}]},{\"@type\":\"ImageObject\",\"inLanguage\":\"en-GB\",\"@id\":\"https:\\\/\\\/www.esm.pt\\\/en\\\/sobre\\\/#primaryimage\",\"url\":\"https:\\\/\\\/www.esm.pt\\\/wp-content\\\/uploads\\\/2023\\\/10\\\/SR_MARQUES_E_DONA_EMILIA_-removebg-preview.png\",\"contentUrl\":\"https:\\\/\\\/www.esm.pt\\\/wp-content\\\/uploads\\\/2023\\\/10\\\/SR_MARQUES_E_DONA_EMILIA_-removebg-preview.png\"},{\"@type\":\"BreadcrumbList\",\"@id\":\"https:\\\/\\\/www.esm.pt\\\/en\\\/sobre\\\/#breadcrumb\",\"itemListElement\":[{\"@type\":\"ListItem\",\"position\":1,\"name\":\"In\u00edcio\",\"item\":\"https:\\\/\\\/www.esm.pt\\\/\"},{\"@type\":\"ListItem\",\"position\":2,\"name\":\"Sobre\"}]},{\"@type\":\"WebSite\",\"@id\":\"https:\\\/\\\/www.esm.pt\\\/#website\",\"url\":\"https:\\\/\\\/www.esm.pt\\\/\",\"name\":\"ESM\",\"description\":\"Descubra a excel&ecirc;ncia t&ecirc;xtil na ESM. Inova&ccedil;&atilde;o, qualidade e eleg&acirc;ncia em cada fio. Seja inspirado pela nossa paix&atilde;o por moda e durabilidade\",\"publisher\":{\"@id\":\"https:\\\/\\\/www.esm.pt\\\/#organization\"},\"alternateName\":\"ESM Confec\u00e7\u00f5es\",\"potentialAction\":[{\"@type\":\"SearchAction\",\"target\":{\"@type\":\"EntryPoint\",\"urlTemplate\":\"https:\\\/\\\/www.esm.pt\\\/?s={search_term_string}\"},\"query-input\":{\"@type\":\"PropertyValueSpecification\",\"valueRequired\":true,\"valueName\":\"search_term_string\"}}],\"inLanguage\":\"en-GB\"},{\"@type\":\"Organization\",\"@id\":\"https:\\\/\\\/www.esm.pt\\\/#organization\",\"name\":\"ESM\",\"alternateName\":\"ESM confec\u00e7\u00f5es\",\"url\":\"https:\\\/\\\/www.esm.pt\\\/\",\"logo\":{\"@type\":\"ImageObject\",\"inLanguage\":\"en-GB\",\"@id\":\"https:\\\/\\\/www.esm.pt\\\/#\\\/schema\\\/logo\\\/image\\\/\",\"url\":\"https:\\\/\\\/www.esm.pt\\\/wp-content\\\/uploads\\\/2023\\\/10\\\/Black-logo-no-background-copia-scaled-1.webp\",\"contentUrl\":\"https:\\\/\\\/www.esm.pt\\\/wp-content\\\/uploads\\\/2023\\\/10\\\/Black-logo-no-background-copia-scaled-1.webp\",\"width\":2560,\"height\":750,\"caption\":\"ESM\"},\"image\":{\"@id\":\"https:\\\/\\\/www.esm.pt\\\/#\\\/schema\\\/logo\\\/image\\\/\"}}]}<\/script>\n<!-- \/ Yoast SEO plugin. -->","yoast_head_json":{"title":"Sobre - ESM","description":"A ESM \u00e9 uma empresa familiar que se dedica \u00e0 fabrica\u00e7\u00e3o de roupas de alta qualidade desde 1986. Uma vis\u00e3o de excel\u00eancia.","robots":{"index":"index","follow":"follow","max-snippet":"max-snippet:-1","max-image-preview":"max-image-preview:large","max-video-preview":"max-video-preview:-1"},"canonical":"https:\/\/www.esm.pt\/en\/sobre\/","og_locale":"en_GB","og_type":"article","og_title":"Sobre - ESM","og_description":"A ESM \u00e9 uma empresa familiar que se dedica \u00e0 fabrica\u00e7\u00e3o de roupas de alta qualidade desde 1986. Uma vis\u00e3o de excel\u00eancia.","og_url":"https:\/\/www.esm.pt\/en\/sobre\/","og_site_name":"ESM","article_modified_time":"2024-03-16T18:04:45+00:00","og_image":[{"url":"https:\/\/www.esm.pt\/wp-content\/uploads\/2023\/10\/SR_MARQUES_E_DONA_EMILIA_-removebg-preview.png","type":"","width":"","height":""}],"twitter_card":"summary_large_image","twitter_misc":{"Estimated reading time":"2 minutes"},"schema":{"@context":"https:\/\/schema.org","@graph":[{"@type":"WebPage","@id":"https:\/\/www.esm.pt\/en\/sobre\/","url":"https:\/\/www.esm.pt\/en\/sobre\/","name":"Sobre - ESM","isPartOf":{"@id":"https:\/\/www.esm.pt\/#website"},"primaryImageOfPage":{"@id":"https:\/\/www.esm.pt\/en\/sobre\/#primaryimage"},"image":{"@id":"https:\/\/www.esm.pt\/en\/sobre\/#primaryimage"},"thumbnailUrl":"https:\/\/www.esm.pt\/wp-content\/uploads\/2023\/10\/SR_MARQUES_E_DONA_EMILIA_-removebg-preview.png","datePublished":"2023-10-16T21:22:03+00:00","dateModified":"2024-03-16T18:04:45+00:00","description":"A ESM \u00e9 uma empresa familiar que se dedica \u00e0 fabrica\u00e7\u00e3o de roupas de alta qualidade desde 1986. Uma vis\u00e3o de excel\u00eancia.","breadcrumb":{"@id":"https:\/\/www.esm.pt\/en\/sobre\/#breadcrumb"},"inLanguage":"en-GB","potentialAction":[{"@type":"ReadAction","target":["https:\/\/www.esm.pt\/en\/sobre\/"]}]},{"@type":"ImageObject","inLanguage":"en-GB","@id":"https:\/\/www.esm.pt\/en\/sobre\/#primaryimage","url":"https:\/\/www.esm.pt\/wp-content\/uploads\/2023\/10\/SR_MARQUES_E_DONA_EMILIA_-removebg-preview.png","contentUrl":"https:\/\/www.esm.pt\/wp-content\/uploads\/2023\/10\/SR_MARQUES_E_DONA_EMILIA_-removebg-preview.png"},{"@type":"BreadcrumbList","@id":"https:\/\/www.esm.pt\/en\/sobre\/#breadcrumb","itemListElement":[{"@type":"ListItem","position":1,"name":"In\u00edcio","item":"https:\/\/www.esm.pt\/"},{"@type":"ListItem","position":2,"name":"Sobre"}]},{"@type":"WebSite","@id":"https:\/\/www.esm.pt\/#website","url":"https:\/\/www.esm.pt\/","name":"ESM","description":"Descubra a excel&ecirc;ncia t&ecirc;xtil na ESM. Inova&ccedil;&atilde;o, qualidade e eleg&acirc;ncia em cada fio. Seja inspirado pela nossa paix&atilde;o por moda e durabilidade","publisher":{"@id":"https:\/\/www.esm.pt\/#organization"},"alternateName":"ESM Confec\u00e7\u00f5es","potentialAction":[{"@type":"SearchAction","target":{"@type":"EntryPoint","urlTemplate":"https:\/\/www.esm.pt\/?s={search_term_string}"},"query-input":{"@type":"PropertyValueSpecification","valueRequired":true,"valueName":"search_term_string"}}],"inLanguage":"en-GB"},{"@type":"Organization","@id":"https:\/\/www.esm.pt\/#organization","name":"ESM","alternateName":"ESM confec\u00e7\u00f5es","url":"https:\/\/www.esm.pt\/","logo":{"@type":"ImageObject","inLanguage":"en-GB","@id":"https:\/\/www.esm.pt\/#\/schema\/logo\/image\/","url":"https:\/\/www.esm.pt\/wp-content\/uploads\/2023\/10\/Black-logo-no-background-copia-scaled-1.webp","contentUrl":"https:\/\/www.esm.pt\/wp-content\/uploads\/2023\/10\/Black-logo-no-background-copia-scaled-1.webp","width":2560,"height":750,"caption":"ESM"},"image":{"@id":"https:\/\/www.esm.pt\/#\/schema\/logo\/image\/"}}]}},"_links":{"self":[{"href":"https:\/\/www.esm.pt\/en\/wp-json\/wp\/v2\/pages\/36","targetHints":{"allow":["GET"]}}],"collection":[{"href":"https:\/\/www.esm.pt\/en\/wp-json\/wp\/v2\/pages"}],"about":[{"href":"https:\/\/www.esm.pt\/en\/wp-json\/wp\/v2\/types\/page"}],"author":[{"embeddable":true,"href":"https:\/\/www.esm.pt\/en\/wp-json\/wp\/v2\/users\/1"}],"replies":[{"embeddable":true,"href":"https:\/\/www.esm.pt\/en\/wp-json\/wp\/v2\/comments?post=36"}],"version-history":[{"count":0,"href":"https:\/\/www.esm.pt\/en\/wp-json\/wp\/v2\/pages\/36\/revisions"}],"wp:attachment":[{"href":"https:\/\/www.esm.pt\/en\/wp-json\/wp\/v2\/media?parent=36"}],"curies":[{"name":"wp","href":"https:\/\/api.w.org\/{rel}","templated":true}]}}